{"id":3377,"date":"2020-09-21T17:56:04","date_gmt":"2020-09-21T15:56:04","guid":{"rendered":"https:\/\/ekosystem.wroc.pl\/segregacja-odpadow\/tworzywa\/"},"modified":"2022-06-08T13:03:40","modified_gmt":"2022-06-08T11:03:40","slug":"tworzywa","status":"publish","type":"page","link":"https:\/\/ekosystem.wroc.pl\/uk\/segregacja-odpadow\/tworzywa\/","title":{"rendered":"\u041f\u043b\u0430\u0441\u0442\u043c\u0430\u0441\u0438, \u043c\u0435\u0442\u0430\u043b\u0438 \u0442\u0430 \u043a\u043e\u043c\u043f\u043b\u0435\u043a\u0441\u043d\u0456 \u0443\u043f\u0430\u043a\u043e\u0432\u043a\u0438 \u0421\u041e\u0420\u0422\u0423\u0412\u0410\u041d\u041d\u042f \u0412\u0406\u0414\u0425\u041e\u0414\u0406\u0412"},"content":{"rendered":"<div class=\"mceContentBody mceFrontEnd page-waste-type-php\"><\/div>","protected":false},"excerpt":{"rendered":"","protected":false},"author":2,"featured_media":0,"parent":3343,"menu_order":0,"comment_status":"closed","ping_status":"closed","template":"page-waste-type.php","meta":{"_acf_changed":false,"footnotes":""},"class_list":["post-3377","page","type-page","status-publish","hentry"],"acf":[],"yoast_head":"<!-- This site is optimized with the Yoast SEO plugin v27.2 - https:\/\/yoast.com\/product\/yoast-seo-wordpress\/ -->\n<title>\u041f\u043b\u0430\u0441\u0442\u043c\u0430\u0441\u0438, \u043c\u0435\u0442\u0430\u043b\u0438 \u0442\u0430 \u043a\u043e\u043c\u043f\u043b\u0435\u043a\u0441\u043d\u0456 \u0443\u043f\u0430\u043a\u043e\u0432\u043a\u0438 \u0421\u041e\u0420\u0422\u0423\u0412\u0410\u041d\u041d\u042f \u0412\u0406\u0414\u0425\u041e\u0414\u0406\u0412 - Ekosystem<\/title>\n<meta name=\"robots\" content=\"index, follow, max-snippet:-1, max-image-preview:large, max-video-preview:-1\" \/>\n<link rel=\"canonical\" href=\"https:\/\/ekosystem.wroc.pl\/uk\/segregacja-odpadow\/tworzywa\/\" \/>\n<meta property=\"og:locale\" content=\"uk_UA\" \/>\n<meta property=\"og:type\" content=\"article\" \/>\n<meta property=\"og:title\" content=\"Ekosystem - Tworzywa sztuczne, metale i opakowania wielomateria\u0142owe\" \/>\n<meta property=\"og:description\" content=\"Systemowe podej\u015bcie do odpad\u00f3w.\" \/>\n<meta property=\"og:url\" content=\"https:\/\/ekosystem.wroc.pl\/uk\/segregacja-odpadow\/tworzywa\/\" \/>\n<meta property=\"og:site_name\" content=\"Ekosystem\" \/>\n<meta property=\"article:modified_time\" content=\"2022-06-08T11:03:40+00:00\" \/>\n<meta property=\"og:image\" content=\"https:\/\/ekosystem.wroc.pl\/wp-content\/uploads\/2021\/02\/ekosystem.jpg\" \/>\n\t<meta property=\"og:image:width\" content=\"1200\" \/>\n\t<meta property=\"og:image:height\" content=\"628\" \/>\n\t<meta property=\"og:image:type\" content=\"image\/jpeg\" \/>\n<meta name=\"twitter:card\" content=\"summary_large_image\" \/>\n<meta name=\"twitter:title\" content=\"Ekosystem - Tworzywa sztuczne, metale i opakowania wielomateria\u0142owe\" \/>\n<meta name=\"twitter:description\" content=\"Systemowe podej\u015bcie do odpad\u00f3w.\" \/>\n<meta name=\"twitter:image\" content=\"https:\/\/ekosystem.wroc.pl\/wp-content\/uploads\/2021\/02\/ekosystem.jpg\" \/>\n<script type=\"application\/ld+json\" class=\"yoast-schema-graph\">{\"@context\":\"https:\/\/schema.org\",\"@graph\":[{\"@type\":\"WebPage\",\"@id\":\"https:\/\/ekosystem.wroc.pl\/uk\/segregacja-odpadow\/tworzywa\/\",\"url\":\"https:\/\/ekosystem.wroc.pl\/uk\/segregacja-odpadow\/tworzywa\/\",\"name\":\"\u041f\u043b\u0430\u0441\u0442\u043c\u0430\u0441\u0438, \u043c\u0435\u0442\u0430\u043b\u0438 \u0442\u0430 \u043a\u043e\u043c\u043f\u043b\u0435\u043a\u0441\u043d\u0456 \u0443\u043f\u0430\u043a\u043e\u0432\u043a\u0438 \u0421\u041e\u0420\u0422\u0423\u0412\u0410\u041d\u041d\u042f \u0412\u0406\u0414\u0425\u041e\u0414\u0406\u0412 - Ekosystem\",\"isPartOf\":{\"@id\":\"https:\/\/ekosystem.wroc.pl\/#website\"},\"datePublished\":\"2020-09-21T15:56:04+00:00\",\"dateModified\":\"2022-06-08T11:03:40+00:00\",\"breadcrumb\":{\"@id\":\"https:\/\/ekosystem.wroc.pl\/uk\/segregacja-odpadow\/tworzywa\/#breadcrumb\"},\"inLanguage\":\"uk\",\"potentialAction\":[{\"@type\":\"ReadAction\",\"target\":[\"https:\/\/ekosystem.wroc.pl\/uk\/segregacja-odpadow\/tworzywa\/\"]}]},{\"@type\":\"BreadcrumbList\",\"@id\":\"https:\/\/ekosystem.wroc.pl\/uk\/segregacja-odpadow\/tworzywa\/#breadcrumb\",\"itemListElement\":[{\"@type\":\"ListItem\",\"position\":1,\"name\":\"\u0421\u043e\u0440\u0442\u0443\u0432\u0430\u043d\u043d\u044f \u0432\u0456\u0434\u0445\u043e\u0434\u0456\u0432\",\"item\":\"https:\/\/ekosystem.wroc.pl\/uk\/segregacja-odpadow\/\"},{\"@type\":\"ListItem\",\"position\":2,\"name\":\"\u041f\u043b\u0430\u0441\u0442\u043c\u0430\u0441\u0438, \u043c\u0435\u0442\u0430\u043b\u0438 \u0442\u0430 \u043a\u043e\u043c\u043f\u043b\u0435\u043a\u0441\u043d\u0456 \u0443\u043f\u0430\u043a\u043e\u0432\u043a\u0438 \u0421\u041e\u0420\u0422\u0423\u0412\u0410\u041d\u041d\u042f \u0412\u0406\u0414\u0425\u041e\u0414\u0406\u0412\"}]},{\"@type\":\"WebSite\",\"@id\":\"https:\/\/ekosystem.wroc.pl\/#website\",\"url\":\"https:\/\/ekosystem.wroc.pl\/\",\"name\":\"Ekosystem\",\"description\":\"Systemowe podej\u015bcie do odpad\u00f3w\",\"potentialAction\":[{\"@type\":\"SearchAction\",\"target\":{\"@type\":\"EntryPoint\",\"urlTemplate\":\"https:\/\/ekosystem.wroc.pl\/?s={search_term_string}\"},\"query-input\":{\"@type\":\"PropertyValueSpecification\",\"valueRequired\":true,\"valueName\":\"search_term_string\"}}],\"inLanguage\":\"uk\"}]}<\/script>\n<!-- \/ Yoast SEO plugin. -->","yoast_head_json":{"title":"\u041f\u043b\u0430\u0441\u0442\u043c\u0430\u0441\u0438, \u043c\u0435\u0442\u0430\u043b\u0438 \u0442\u0430 \u043a\u043e\u043c\u043f\u043b\u0435\u043a\u0441\u043d\u0456 \u0443\u043f\u0430\u043a\u043e\u0432\u043a\u0438 \u0421\u041e\u0420\u0422\u0423\u0412\u0410\u041d\u041d\u042f \u0412\u0406\u0414\u0425\u041e\u0414\u0406\u0412 - Ekosystem","robots":{"index":"index","follow":"follow","max-snippet":"max-snippet:-1","max-image-preview":"max-image-preview:large","max-video-preview":"max-video-preview:-1"},"canonical":"https:\/\/ekosystem.wroc.pl\/uk\/segregacja-odpadow\/tworzywa\/","og_locale":"uk_UA","og_type":"article","og_title":"Ekosystem - Tworzywa sztuczne, metale i opakowania wielomateria\u0142owe","og_description":"Systemowe podej\u015bcie do odpad\u00f3w.","og_url":"https:\/\/ekosystem.wroc.pl\/uk\/segregacja-odpadow\/tworzywa\/","og_site_name":"Ekosystem","article_modified_time":"2022-06-08T11:03:40+00:00","og_image":[{"width":1200,"height":628,"url":"https:\/\/ekosystem.wroc.pl\/wp-content\/uploads\/2021\/02\/ekosystem.jpg","type":"image\/jpeg"}],"twitter_card":"summary_large_image","twitter_title":"Ekosystem - Tworzywa sztuczne, metale i opakowania wielomateria\u0142owe","twitter_description":"Systemowe podej\u015bcie do odpad\u00f3w.","twitter_image":"https:\/\/ekosystem.wroc.pl\/wp-content\/uploads\/2021\/02\/ekosystem.jpg","schema":{"@context":"https:\/\/schema.org","@graph":[{"@type":"WebPage","@id":"https:\/\/ekosystem.wroc.pl\/uk\/segregacja-odpadow\/tworzywa\/","url":"https:\/\/ekosystem.wroc.pl\/uk\/segregacja-odpadow\/tworzywa\/","name":"\u041f\u043b\u0430\u0441\u0442\u043c\u0430\u0441\u0438, \u043c\u0435\u0442\u0430\u043b\u0438 \u0442\u0430 \u043a\u043e\u043c\u043f\u043b\u0435\u043a\u0441\u043d\u0456 \u0443\u043f\u0430\u043a\u043e\u0432\u043a\u0438 \u0421\u041e\u0420\u0422\u0423\u0412\u0410\u041d\u041d\u042f \u0412\u0406\u0414\u0425\u041e\u0414\u0406\u0412 - Ekosystem","isPartOf":{"@id":"https:\/\/ekosystem.wroc.pl\/#website"},"datePublished":"2020-09-21T15:56:04+00:00","dateModified":"2022-06-08T11:03:40+00:00","breadcrumb":{"@id":"https:\/\/ekosystem.wroc.pl\/uk\/segregacja-odpadow\/tworzywa\/#breadcrumb"},"inLanguage":"uk","potentialAction":[{"@type":"ReadAction","target":["https:\/\/ekosystem.wroc.pl\/uk\/segregacja-odpadow\/tworzywa\/"]}]},{"@type":"BreadcrumbList","@id":"https:\/\/ekosystem.wroc.pl\/uk\/segregacja-odpadow\/tworzywa\/#breadcrumb","itemListElement":[{"@type":"ListItem","position":1,"name":"\u0421\u043e\u0440\u0442\u0443\u0432\u0430\u043d\u043d\u044f \u0432\u0456\u0434\u0445\u043e\u0434\u0456\u0432","item":"https:\/\/ekosystem.wroc.pl\/uk\/segregacja-odpadow\/"},{"@type":"ListItem","position":2,"name":"\u041f\u043b\u0430\u0441\u0442\u043c\u0430\u0441\u0438, \u043c\u0435\u0442\u0430\u043b\u0438 \u0442\u0430 \u043a\u043e\u043c\u043f\u043b\u0435\u043a\u0441\u043d\u0456 \u0443\u043f\u0430\u043a\u043e\u0432\u043a\u0438 \u0421\u041e\u0420\u0422\u0423\u0412\u0410\u041d\u041d\u042f \u0412\u0406\u0414\u0425\u041e\u0414\u0406\u0412"}]},{"@type":"WebSite","@id":"https:\/\/ekosystem.wroc.pl\/#website","url":"https:\/\/ekosystem.wroc.pl\/","name":"Ekosystem","description":"Systemowe podej\u015bcie do odpad\u00f3w","potentialAction":[{"@type":"SearchAction","target":{"@type":"EntryPoint","urlTemplate":"https:\/\/ekosystem.wroc.pl\/?s={search_term_string}"},"query-input":{"@type":"PropertyValueSpecification","valueRequired":true,"valueName":"search_term_string"}}],"inLanguage":"uk"}]}},"_links":{"self":[{"href":"https:\/\/ekosystem.wroc.pl\/uk\/wp-json\/wp\/v2\/pages\/3377","targetHints":{"allow":["GET"]}}],"collection":[{"href":"https:\/\/ekosystem.wroc.pl\/uk\/wp-json\/wp\/v2\/pages"}],"about":[{"href":"https:\/\/ekosystem.wroc.pl\/uk\/wp-json\/wp\/v2\/types\/page"}],"author":[{"embeddable":true,"href":"https:\/\/ekosystem.wroc.pl\/uk\/wp-json\/wp\/v2\/users\/2"}],"replies":[{"embeddable":true,"href":"https:\/\/ekosystem.wroc.pl\/uk\/wp-json\/wp\/v2\/comments?post=3377"}],"version-history":[{"count":4,"href":"https:\/\/ekosystem.wroc.pl\/uk\/wp-json\/wp\/v2\/pages\/3377\/revisions"}],"predecessor-version":[{"id":3652,"href":"https:\/\/ekosystem.wroc.pl\/uk\/wp-json\/wp\/v2\/pages\/3377\/revisions\/3652"}],"up":[{"embeddable":true,"href":"https:\/\/ekosystem.wroc.pl\/uk\/wp-json\/wp\/v2\/pages\/3343"}],"wp:attachment":[{"href":"https:\/\/ekosystem.wroc.pl\/uk\/wp-json\/wp\/v2\/media?parent=3377"}],"curies":[{"name":"wp","href":"https:\/\/api.w.org\/{rel}","templated":true}]}}