{"id":3355,"date":"2020-09-16T11:55:04","date_gmt":"2020-09-16T09:55:04","guid":{"rendered":"https:\/\/ekosystem.wroc.pl\/segregacja-odpadow\/gdzie-wrzucic\/"},"modified":"2022-06-08T10:24:21","modified_gmt":"2022-06-08T08:24:21","slug":"gdzie-wrzucic","status":"publish","type":"page","link":"https:\/\/ekosystem.wroc.pl\/uk\/segregacja-odpadow\/gdzie-wrzucic\/","title":{"rendered":"\u0429\u043e \u043a\u0443\u0434\u0438 \u0432\u0438\u043a\u0438\u043d\u0443\u0442\u0438?"},"content":{"rendered":"<div class=\"mceContentBody mceFrontEnd page-how-to-sort-php\"><\/div>","protected":false},"excerpt":{"rendered":"","protected":false},"author":1,"featured_media":0,"parent":3343,"menu_order":0,"comment_status":"closed","ping_status":"closed","template":"page-how-to-sort.php","meta":{"_acf_changed":false,"footnotes":""},"class_list":["post-3355","page","type-page","status-publish","hentry"],"acf":[],"yoast_head":"<!-- This site is optimized with the Yoast SEO plugin v27.2 - https:\/\/yoast.com\/product\/yoast-seo-wordpress\/ -->\n<title>\u0429\u043e \u043a\u0443\u0434\u0438 \u0432\u0438\u043a\u0438\u043d\u0443\u0442\u0438? - Ekosystem<\/title>\n<meta name=\"robots\" content=\"index, follow, max-snippet:-1, max-image-preview:large, max-video-preview:-1\" \/>\n<link rel=\"canonical\" href=\"https:\/\/ekosystem.wroc.pl\/uk\/segregacja-odpadow\/gdzie-wrzucic\/\" \/>\n<meta property=\"og:locale\" content=\"uk_UA\" \/>\n<meta property=\"og:type\" content=\"article\" \/>\n<meta property=\"og:title\" content=\"Ekosystem - Gdzie wyrzuci\u0107?\" \/>\n<meta property=\"og:description\" content=\"Systemowe podej\u015bcie do odpad\u00f3w.\" \/>\n<meta property=\"og:url\" content=\"https:\/\/ekosystem.wroc.pl\/uk\/segregacja-odpadow\/gdzie-wrzucic\/\" \/>\n<meta property=\"og:site_name\" content=\"Ekosystem\" \/>\n<meta property=\"article:modified_time\" content=\"2022-06-08T08:24:21+00:00\" \/>\n<meta property=\"og:image\" content=\"https:\/\/ekosystem.wroc.pl\/wp-content\/uploads\/2021\/02\/ekosystem.jpg\" \/>\n\t<meta property=\"og:image:width\" content=\"1200\" \/>\n\t<meta property=\"og:image:height\" content=\"628\" \/>\n\t<meta property=\"og:image:type\" content=\"image\/jpeg\" \/>\n<meta name=\"twitter:card\" content=\"summary_large_image\" \/>\n<meta name=\"twitter:title\" content=\"Ekosystem - Gdzie wyrzuci\u0107?\" \/>\n<meta name=\"twitter:description\" content=\"Systemowe podej\u015bcie do odpad\u00f3w.\" \/>\n<meta name=\"twitter:image\" content=\"https:\/\/ekosystem.wroc.pl\/wp-content\/uploads\/2021\/02\/ekosystem.jpg\" \/>\n<script type=\"application\/ld+json\" class=\"yoast-schema-graph\">{\"@context\":\"https:\/\/schema.org\",\"@graph\":[{\"@type\":\"WebPage\",\"@id\":\"https:\/\/ekosystem.wroc.pl\/uk\/segregacja-odpadow\/gdzie-wrzucic\/\",\"url\":\"https:\/\/ekosystem.wroc.pl\/uk\/segregacja-odpadow\/gdzie-wrzucic\/\",\"name\":\"\u0429\u043e \u043a\u0443\u0434\u0438 \u0432\u0438\u043a\u0438\u043d\u0443\u0442\u0438? - Ekosystem\",\"isPartOf\":{\"@id\":\"https:\/\/ekosystem.wroc.pl\/#website\"},\"datePublished\":\"2020-09-16T09:55:04+00:00\",\"dateModified\":\"2022-06-08T08:24:21+00:00\",\"breadcrumb\":{\"@id\":\"https:\/\/ekosystem.wroc.pl\/uk\/segregacja-odpadow\/gdzie-wrzucic\/#breadcrumb\"},\"inLanguage\":\"uk\",\"potentialAction\":[{\"@type\":\"ReadAction\",\"target\":[\"https:\/\/ekosystem.wroc.pl\/uk\/segregacja-odpadow\/gdzie-wrzucic\/\"]}]},{\"@type\":\"BreadcrumbList\",\"@id\":\"https:\/\/ekosystem.wroc.pl\/uk\/segregacja-odpadow\/gdzie-wrzucic\/#breadcrumb\",\"itemListElement\":[{\"@type\":\"ListItem\",\"position\":1,\"name\":\"\u0421\u043e\u0440\u0442\u0443\u0432\u0430\u043d\u043d\u044f \u0432\u0456\u0434\u0445\u043e\u0434\u0456\u0432\",\"item\":\"https:\/\/ekosystem.wroc.pl\/uk\/segregacja-odpadow\/\"},{\"@type\":\"ListItem\",\"position\":2,\"name\":\"\u0429\u043e \u043a\u0443\u0434\u0438 \u0432\u0438\u043a\u0438\u043d\u0443\u0442\u0438?\"}]},{\"@type\":\"WebSite\",\"@id\":\"https:\/\/ekosystem.wroc.pl\/#website\",\"url\":\"https:\/\/ekosystem.wroc.pl\/\",\"name\":\"Ekosystem\",\"description\":\"Systemowe podej\u015bcie do odpad\u00f3w\",\"potentialAction\":[{\"@type\":\"SearchAction\",\"target\":{\"@type\":\"EntryPoint\",\"urlTemplate\":\"https:\/\/ekosystem.wroc.pl\/?s={search_term_string}\"},\"query-input\":{\"@type\":\"PropertyValueSpecification\",\"valueRequired\":true,\"valueName\":\"search_term_string\"}}],\"inLanguage\":\"uk\"}]}<\/script>\n<!-- \/ Yoast SEO plugin. -->","yoast_head_json":{"title":"\u0429\u043e \u043a\u0443\u0434\u0438 \u0432\u0438\u043a\u0438\u043d\u0443\u0442\u0438? - Ekosystem","robots":{"index":"index","follow":"follow","max-snippet":"max-snippet:-1","max-image-preview":"max-image-preview:large","max-video-preview":"max-video-preview:-1"},"canonical":"https:\/\/ekosystem.wroc.pl\/uk\/segregacja-odpadow\/gdzie-wrzucic\/","og_locale":"uk_UA","og_type":"article","og_title":"Ekosystem - Gdzie wyrzuci\u0107?","og_description":"Systemowe podej\u015bcie do odpad\u00f3w.","og_url":"https:\/\/ekosystem.wroc.pl\/uk\/segregacja-odpadow\/gdzie-wrzucic\/","og_site_name":"Ekosystem","article_modified_time":"2022-06-08T08:24:21+00:00","og_image":[{"width":1200,"height":628,"url":"https:\/\/ekosystem.wroc.pl\/wp-content\/uploads\/2021\/02\/ekosystem.jpg","type":"image\/jpeg"}],"twitter_card":"summary_large_image","twitter_title":"Ekosystem - Gdzie wyrzuci\u0107?","twitter_description":"Systemowe podej\u015bcie do odpad\u00f3w.","twitter_image":"https:\/\/ekosystem.wroc.pl\/wp-content\/uploads\/2021\/02\/ekosystem.jpg","schema":{"@context":"https:\/\/schema.org","@graph":[{"@type":"WebPage","@id":"https:\/\/ekosystem.wroc.pl\/uk\/segregacja-odpadow\/gdzie-wrzucic\/","url":"https:\/\/ekosystem.wroc.pl\/uk\/segregacja-odpadow\/gdzie-wrzucic\/","name":"\u0429\u043e \u043a\u0443\u0434\u0438 \u0432\u0438\u043a\u0438\u043d\u0443\u0442\u0438? - Ekosystem","isPartOf":{"@id":"https:\/\/ekosystem.wroc.pl\/#website"},"datePublished":"2020-09-16T09:55:04+00:00","dateModified":"2022-06-08T08:24:21+00:00","breadcrumb":{"@id":"https:\/\/ekosystem.wroc.pl\/uk\/segregacja-odpadow\/gdzie-wrzucic\/#breadcrumb"},"inLanguage":"uk","potentialAction":[{"@type":"ReadAction","target":["https:\/\/ekosystem.wroc.pl\/uk\/segregacja-odpadow\/gdzie-wrzucic\/"]}]},{"@type":"BreadcrumbList","@id":"https:\/\/ekosystem.wroc.pl\/uk\/segregacja-odpadow\/gdzie-wrzucic\/#breadcrumb","itemListElement":[{"@type":"ListItem","position":1,"name":"\u0421\u043e\u0440\u0442\u0443\u0432\u0430\u043d\u043d\u044f \u0432\u0456\u0434\u0445\u043e\u0434\u0456\u0432","item":"https:\/\/ekosystem.wroc.pl\/uk\/segregacja-odpadow\/"},{"@type":"ListItem","position":2,"name":"\u0429\u043e \u043a\u0443\u0434\u0438 \u0432\u0438\u043a\u0438\u043d\u0443\u0442\u0438?"}]},{"@type":"WebSite","@id":"https:\/\/ekosystem.wroc.pl\/#website","url":"https:\/\/ekosystem.wroc.pl\/","name":"Ekosystem","description":"Systemowe podej\u015bcie do odpad\u00f3w","potentialAction":[{"@type":"SearchAction","target":{"@type":"EntryPoint","urlTemplate":"https:\/\/ekosystem.wroc.pl\/?s={search_term_string}"},"query-input":{"@type":"PropertyValueSpecification","valueRequired":true,"valueName":"search_term_string"}}],"inLanguage":"uk"}]}},"_links":{"self":[{"href":"https:\/\/ekosystem.wroc.pl\/uk\/wp-json\/wp\/v2\/pages\/3355","targetHints":{"allow":["GET"]}}],"collection":[{"href":"https:\/\/ekosystem.wroc.pl\/uk\/wp-json\/wp\/v2\/pages"}],"about":[{"href":"https:\/\/ekosystem.wroc.pl\/uk\/wp-json\/wp\/v2\/types\/page"}],"author":[{"embeddable":true,"href":"https:\/\/ekosystem.wroc.pl\/uk\/wp-json\/wp\/v2\/users\/1"}],"replies":[{"embeddable":true,"href":"https:\/\/ekosystem.wroc.pl\/uk\/wp-json\/wp\/v2\/comments?post=3355"}],"version-history":[{"count":2,"href":"https:\/\/ekosystem.wroc.pl\/uk\/wp-json\/wp\/v2\/pages\/3355\/revisions"}],"predecessor-version":[{"id":3626,"href":"https:\/\/ekosystem.wroc.pl\/uk\/wp-json\/wp\/v2\/pages\/3355\/revisions\/3626"}],"up":[{"embeddable":true,"href":"https:\/\/ekosystem.wroc.pl\/uk\/wp-json\/wp\/v2\/pages\/3343"}],"wp:attachment":[{"href":"https:\/\/ekosystem.wroc.pl\/uk\/wp-json\/wp\/v2\/media?parent=3355"}],"curies":[{"name":"wp","href":"https:\/\/api.w.org\/{rel}","templated":true}]}}