{"id":3328,"date":"2020-09-21T18:39:51","date_gmt":"2020-09-21T16:39:51","guid":{"rendered":"https:\/\/ekosystem.wroc.pl\/o-ekosystemie\/wladze-spolki\/"},"modified":"2023-03-17T07:55:18","modified_gmt":"2023-03-17T06:55:18","slug":"wladze-spolki","status":"publish","type":"page","link":"https:\/\/ekosystem.wroc.pl\/uk\/%d0%bf%d1%80%d0%be-%d0%b5%d0%ba%d0%be%d1%81%d0%b8%d1%81%d1%82%d0%b5%d0%bc\/wladze-spolki\/","title":{"rendered":"\u041e\u0440\u0433\u0430\u043d\u0438 \u0443\u043f\u0440\u0430\u0432\u043b\u0456\u043d\u043d\u044f \u043a\u043e\u043c\u043f\u0430\u043d\u0456\u0457"},"content":{"rendered":"<div class=\"mceContentBody mceFrontEnd default\"><\/div>","protected":false},"excerpt":{"rendered":"","protected":false},"author":2,"featured_media":0,"parent":3303,"menu_order":0,"comment_status":"closed","ping_status":"closed","template":"","meta":{"_acf_changed":false,"footnotes":""},"class_list":["post-3328","page","type-page","status-publish","hentry"],"acf":[],"yoast_head":"<!-- This site is optimized with the Yoast SEO plugin v27.2 - https:\/\/yoast.com\/product\/yoast-seo-wordpress\/ -->\n<title>\u041e\u0440\u0433\u0430\u043d\u0438 \u0443\u043f\u0440\u0430\u0432\u043b\u0456\u043d\u043d\u044f \u043a\u043e\u043c\u043f\u0430\u043d\u0456\u0457 - Ekosystem<\/title>\n<meta name=\"robots\" content=\"index, follow, max-snippet:-1, max-image-preview:large, max-video-preview:-1\" \/>\n<link rel=\"canonical\" href=\"https:\/\/ekosystem.wroc.pl\/uk\/\u043f\u0440\u043e-\u0435\u043a\u043e\u0441\u0438\u0441\u0442\u0435\u043c\/wladze-spolki\/\" \/>\n<meta property=\"og:locale\" content=\"uk_UA\" \/>\n<meta property=\"og:type\" content=\"article\" \/>\n<meta property=\"og:title\" content=\"Ekosystem - W\u0142adze sp\u00f3\u0142ki\" \/>\n<meta property=\"og:description\" content=\"Systemowe podej\u015bcie do odpad\u00f3w.\" \/>\n<meta property=\"og:url\" content=\"https:\/\/ekosystem.wroc.pl\/uk\/\u043f\u0440\u043e-\u0435\u043a\u043e\u0441\u0438\u0441\u0442\u0435\u043c\/wladze-spolki\/\" \/>\n<meta property=\"og:site_name\" content=\"Ekosystem\" \/>\n<meta property=\"article:modified_time\" content=\"2023-03-17T06:55:18+00:00\" \/>\n<meta property=\"og:image\" content=\"https:\/\/ekosystem.wroc.pl\/wp-content\/uploads\/2021\/02\/ekosystem.jpg\" \/>\n\t<meta property=\"og:image:width\" content=\"1200\" \/>\n\t<meta property=\"og:image:height\" content=\"628\" \/>\n\t<meta property=\"og:image:type\" content=\"image\/jpeg\" \/>\n<meta name=\"twitter:card\" content=\"summary_large_image\" \/>\n<meta name=\"twitter:title\" content=\"Ekosystem - W\u0142adze sp\u00f3\u0142ki\" \/>\n<meta name=\"twitter:description\" content=\"Systemowe podej\u015bcie do odpad\u00f3w.\" \/>\n<meta name=\"twitter:image\" content=\"https:\/\/ekosystem.wroc.pl\/wp-content\/uploads\/2021\/02\/ekosystem.jpg\" \/>\n<script type=\"application\/ld+json\" class=\"yoast-schema-graph\">{\"@context\":\"https:\/\/schema.org\",\"@graph\":[{\"@type\":\"WebPage\",\"@id\":\"https:\/\/ekosystem.wroc.pl\/uk\/%d0%bf%d1%80%d0%be-%d0%b5%d0%ba%d0%be%d1%81%d0%b8%d1%81%d1%82%d0%b5%d0%bc\/wladze-spolki\/\",\"url\":\"https:\/\/ekosystem.wroc.pl\/uk\/%d0%bf%d1%80%d0%be-%d0%b5%d0%ba%d0%be%d1%81%d0%b8%d1%81%d1%82%d0%b5%d0%bc\/wladze-spolki\/\",\"name\":\"\u041e\u0440\u0433\u0430\u043d\u0438 \u0443\u043f\u0440\u0430\u0432\u043b\u0456\u043d\u043d\u044f \u043a\u043e\u043c\u043f\u0430\u043d\u0456\u0457 - Ekosystem\",\"isPartOf\":{\"@id\":\"https:\/\/ekosystem.wroc.pl\/#website\"},\"datePublished\":\"2020-09-21T16:39:51+00:00\",\"dateModified\":\"2023-03-17T06:55:18+00:00\",\"breadcrumb\":{\"@id\":\"https:\/\/ekosystem.wroc.pl\/uk\/%d0%bf%d1%80%d0%be-%d0%b5%d0%ba%d0%be%d1%81%d0%b8%d1%81%d1%82%d0%b5%d0%bc\/wladze-spolki\/#breadcrumb\"},\"inLanguage\":\"uk\",\"potentialAction\":[{\"@type\":\"ReadAction\",\"target\":[\"https:\/\/ekosystem.wroc.pl\/uk\/%d0%bf%d1%80%d0%be-%d0%b5%d0%ba%d0%be%d1%81%d0%b8%d1%81%d1%82%d0%b5%d0%bc\/wladze-spolki\/\"]}]},{\"@type\":\"BreadcrumbList\",\"@id\":\"https:\/\/ekosystem.wroc.pl\/uk\/%d0%bf%d1%80%d0%be-%d0%b5%d0%ba%d0%be%d1%81%d0%b8%d1%81%d1%82%d0%b5%d0%bc\/wladze-spolki\/#breadcrumb\",\"itemListElement\":[{\"@type\":\"ListItem\",\"position\":1,\"name\":\"\u041f\u0440\u043e \u043d\u0430\u0441\",\"item\":\"https:\/\/ekosystem.wroc.pl\/uk\/%d0%bf%d1%80%d0%be-%d0%b5%d0%ba%d0%be%d1%81%d0%b8%d1%81%d1%82%d0%b5%d0%bc\/\"},{\"@type\":\"ListItem\",\"position\":2,\"name\":\"\u041e\u0440\u0433\u0430\u043d\u0438 \u0443\u043f\u0440\u0430\u0432\u043b\u0456\u043d\u043d\u044f \u043a\u043e\u043c\u043f\u0430\u043d\u0456\u0457\"}]},{\"@type\":\"WebSite\",\"@id\":\"https:\/\/ekosystem.wroc.pl\/#website\",\"url\":\"https:\/\/ekosystem.wroc.pl\/\",\"name\":\"Ekosystem\",\"description\":\"Systemowe podej\u015bcie do odpad\u00f3w\",\"potentialAction\":[{\"@type\":\"SearchAction\",\"target\":{\"@type\":\"EntryPoint\",\"urlTemplate\":\"https:\/\/ekosystem.wroc.pl\/?s={search_term_string}\"},\"query-input\":{\"@type\":\"PropertyValueSpecification\",\"valueRequired\":true,\"valueName\":\"search_term_string\"}}],\"inLanguage\":\"uk\"}]}<\/script>\n<!-- \/ Yoast SEO plugin. -->","yoast_head_json":{"title":"\u041e\u0440\u0433\u0430\u043d\u0438 \u0443\u043f\u0440\u0430\u0432\u043b\u0456\u043d\u043d\u044f \u043a\u043e\u043c\u043f\u0430\u043d\u0456\u0457 - Ekosystem","robots":{"index":"index","follow":"follow","max-snippet":"max-snippet:-1","max-image-preview":"max-image-preview:large","max-video-preview":"max-video-preview:-1"},"canonical":"https:\/\/ekosystem.wroc.pl\/uk\/\u043f\u0440\u043e-\u0435\u043a\u043e\u0441\u0438\u0441\u0442\u0435\u043c\/wladze-spolki\/","og_locale":"uk_UA","og_type":"article","og_title":"Ekosystem - W\u0142adze sp\u00f3\u0142ki","og_description":"Systemowe podej\u015bcie do odpad\u00f3w.","og_url":"https:\/\/ekosystem.wroc.pl\/uk\/\u043f\u0440\u043e-\u0435\u043a\u043e\u0441\u0438\u0441\u0442\u0435\u043c\/wladze-spolki\/","og_site_name":"Ekosystem","article_modified_time":"2023-03-17T06:55:18+00:00","og_image":[{"width":1200,"height":628,"url":"https:\/\/ekosystem.wroc.pl\/wp-content\/uploads\/2021\/02\/ekosystem.jpg","type":"image\/jpeg"}],"twitter_card":"summary_large_image","twitter_title":"Ekosystem - W\u0142adze sp\u00f3\u0142ki","twitter_description":"Systemowe podej\u015bcie do odpad\u00f3w.","twitter_image":"https:\/\/ekosystem.wroc.pl\/wp-content\/uploads\/2021\/02\/ekosystem.jpg","schema":{"@context":"https:\/\/schema.org","@graph":[{"@type":"WebPage","@id":"https:\/\/ekosystem.wroc.pl\/uk\/%d0%bf%d1%80%d0%be-%d0%b5%d0%ba%d0%be%d1%81%d0%b8%d1%81%d1%82%d0%b5%d0%bc\/wladze-spolki\/","url":"https:\/\/ekosystem.wroc.pl\/uk\/%d0%bf%d1%80%d0%be-%d0%b5%d0%ba%d0%be%d1%81%d0%b8%d1%81%d1%82%d0%b5%d0%bc\/wladze-spolki\/","name":"\u041e\u0440\u0433\u0430\u043d\u0438 \u0443\u043f\u0440\u0430\u0432\u043b\u0456\u043d\u043d\u044f \u043a\u043e\u043c\u043f\u0430\u043d\u0456\u0457 - Ekosystem","isPartOf":{"@id":"https:\/\/ekosystem.wroc.pl\/#website"},"datePublished":"2020-09-21T16:39:51+00:00","dateModified":"2023-03-17T06:55:18+00:00","breadcrumb":{"@id":"https:\/\/ekosystem.wroc.pl\/uk\/%d0%bf%d1%80%d0%be-%d0%b5%d0%ba%d0%be%d1%81%d0%b8%d1%81%d1%82%d0%b5%d0%bc\/wladze-spolki\/#breadcrumb"},"inLanguage":"uk","potentialAction":[{"@type":"ReadAction","target":["https:\/\/ekosystem.wroc.pl\/uk\/%d0%bf%d1%80%d0%be-%d0%b5%d0%ba%d0%be%d1%81%d0%b8%d1%81%d1%82%d0%b5%d0%bc\/wladze-spolki\/"]}]},{"@type":"BreadcrumbList","@id":"https:\/\/ekosystem.wroc.pl\/uk\/%d0%bf%d1%80%d0%be-%d0%b5%d0%ba%d0%be%d1%81%d0%b8%d1%81%d1%82%d0%b5%d0%bc\/wladze-spolki\/#breadcrumb","itemListElement":[{"@type":"ListItem","position":1,"name":"\u041f\u0440\u043e \u043d\u0430\u0441","item":"https:\/\/ekosystem.wroc.pl\/uk\/%d0%bf%d1%80%d0%be-%d0%b5%d0%ba%d0%be%d1%81%d0%b8%d1%81%d1%82%d0%b5%d0%bc\/"},{"@type":"ListItem","position":2,"name":"\u041e\u0440\u0433\u0430\u043d\u0438 \u0443\u043f\u0440\u0430\u0432\u043b\u0456\u043d\u043d\u044f \u043a\u043e\u043c\u043f\u0430\u043d\u0456\u0457"}]},{"@type":"WebSite","@id":"https:\/\/ekosystem.wroc.pl\/#website","url":"https:\/\/ekosystem.wroc.pl\/","name":"Ekosystem","description":"Systemowe podej\u015bcie do odpad\u00f3w","potentialAction":[{"@type":"SearchAction","target":{"@type":"EntryPoint","urlTemplate":"https:\/\/ekosystem.wroc.pl\/?s={search_term_string}"},"query-input":{"@type":"PropertyValueSpecification","valueRequired":true,"valueName":"search_term_string"}}],"inLanguage":"uk"}]}},"_links":{"self":[{"href":"https:\/\/ekosystem.wroc.pl\/uk\/wp-json\/wp\/v2\/pages\/3328","targetHints":{"allow":["GET"]}}],"collection":[{"href":"https:\/\/ekosystem.wroc.pl\/uk\/wp-json\/wp\/v2\/pages"}],"about":[{"href":"https:\/\/ekosystem.wroc.pl\/uk\/wp-json\/wp\/v2\/types\/page"}],"author":[{"embeddable":true,"href":"https:\/\/ekosystem.wroc.pl\/uk\/wp-json\/wp\/v2\/users\/2"}],"replies":[{"embeddable":true,"href":"https:\/\/ekosystem.wroc.pl\/uk\/wp-json\/wp\/v2\/comments?post=3328"}],"version-history":[{"count":5,"href":"https:\/\/ekosystem.wroc.pl\/uk\/wp-json\/wp\/v2\/pages\/3328\/revisions"}],"predecessor-version":[{"id":4112,"href":"https:\/\/ekosystem.wroc.pl\/uk\/wp-json\/wp\/v2\/pages\/3328\/revisions\/4112"}],"up":[{"embeddable":true,"href":"https:\/\/ekosystem.wroc.pl\/uk\/wp-json\/wp\/v2\/pages\/3303"}],"wp:attachment":[{"href":"https:\/\/ekosystem.wroc.pl\/uk\/wp-json\/wp\/v2\/media?parent=3328"}],"curies":[{"name":"wp","href":"https:\/\/api.w.org\/{rel}","templated":true}]}}