{"id":3278,"date":"2020-09-21T16:07:59","date_gmt":"2020-09-21T14:07:59","guid":{"rendered":"https:\/\/ekosystem.wroc.pl\/gospodarowanie-odpadami\/kontakt-do-firm-wywozacych-odpady\/"},"modified":"2022-05-24T00:06:37","modified_gmt":"2022-05-23T22:06:37","slug":"kontakt-do-firm-wywozacych-odpady","status":"publish","type":"page","link":"https:\/\/ekosystem.wroc.pl\/uk\/gospodarowanie-odpadami\/kontakt-do-firm-wywozacych-odpady\/","title":{"rendered":"\u041a\u043e\u043d\u0442\u0430\u043a\u0442\u043d\u0456 \u0434\u0430\u043d\u0456 \u043a\u043e\u043c\u043f\u0430\u043d\u0456\u0439, \u044f\u043a\u0456 \u0437\u0430\u0439\u043c\u0430\u044e\u0442\u044c\u0441\u044f \u0432\u0438\u0432\u0435\u0437\u0435\u043d\u043d\u044f\u043c \u0432\u0456\u0434\u0445\u043e\u0434\u0456\u0432"},"content":{"rendered":"<div class=\"mceContentBody mceFrontEnd default\"><\/div>","protected":false},"excerpt":{"rendered":"","protected":false},"author":2,"featured_media":0,"parent":3269,"menu_order":0,"comment_status":"closed","ping_status":"closed","template":"","meta":{"_acf_changed":false,"footnotes":""},"class_list":["post-3278","page","type-page","status-publish","hentry"],"acf":[],"yoast_head":"<!-- This site is optimized with the Yoast SEO plugin v27.2 - https:\/\/yoast.com\/product\/yoast-seo-wordpress\/ -->\n<title>\u041a\u043e\u043d\u0442\u0430\u043a\u0442\u043d\u0456 \u0434\u0430\u043d\u0456 \u043a\u043e\u043c\u043f\u0430\u043d\u0456\u0439, \u044f\u043a\u0456 \u0437\u0430\u0439\u043c\u0430\u044e\u0442\u044c\u0441\u044f \u0432\u0438\u0432\u0435\u0437\u0435\u043d\u043d\u044f\u043c \u0432\u0456\u0434\u0445\u043e\u0434\u0456\u0432 - Ekosystem<\/title>\n<meta name=\"robots\" content=\"index, follow, max-snippet:-1, max-image-preview:large, max-video-preview:-1\" \/>\n<link rel=\"canonical\" href=\"https:\/\/ekosystem.wroc.pl\/uk\/gospodarowanie-odpadami\/kontakt-do-firm-wywozacych-odpady\/\" \/>\n<meta property=\"og:locale\" content=\"uk_UA\" \/>\n<meta property=\"og:type\" content=\"article\" \/>\n<meta property=\"og:title\" content=\"Ekosystem - Kontakt do firm wywo\u017c\u0105cych odpady\" \/>\n<meta property=\"og:description\" content=\"Systemowe podej\u015bcie do odpad\u00f3w.\" \/>\n<meta property=\"og:url\" content=\"https:\/\/ekosystem.wroc.pl\/uk\/gospodarowanie-odpadami\/kontakt-do-firm-wywozacych-odpady\/\" \/>\n<meta property=\"og:site_name\" content=\"Ekosystem\" \/>\n<meta property=\"article:modified_time\" content=\"2022-05-23T22:06:37+00:00\" \/>\n<meta property=\"og:image\" content=\"https:\/\/ekosystem.wroc.pl\/wp-content\/uploads\/2021\/02\/ekosystem.jpg\" \/>\n\t<meta property=\"og:image:width\" content=\"1200\" \/>\n\t<meta property=\"og:image:height\" content=\"628\" \/>\n\t<meta property=\"og:image:type\" content=\"image\/jpeg\" \/>\n<meta name=\"twitter:card\" content=\"summary_large_image\" \/>\n<meta name=\"twitter:title\" content=\"Ekosystem - Kontakt do firm wywo\u017c\u0105cych odpady\" \/>\n<meta name=\"twitter:description\" content=\"Systemowe podej\u015bcie do odpad\u00f3w.\" \/>\n<meta name=\"twitter:image\" content=\"https:\/\/ekosystem.wroc.pl\/wp-content\/uploads\/2021\/02\/ekosystem.jpg\" \/>\n<script type=\"application\/ld+json\" class=\"yoast-schema-graph\">{\"@context\":\"https:\/\/schema.org\",\"@graph\":[{\"@type\":\"WebPage\",\"@id\":\"https:\/\/ekosystem.wroc.pl\/uk\/gospodarowanie-odpadami\/kontakt-do-firm-wywozacych-odpady\/\",\"url\":\"https:\/\/ekosystem.wroc.pl\/uk\/gospodarowanie-odpadami\/kontakt-do-firm-wywozacych-odpady\/\",\"name\":\"\u041a\u043e\u043d\u0442\u0430\u043a\u0442\u043d\u0456 \u0434\u0430\u043d\u0456 \u043a\u043e\u043c\u043f\u0430\u043d\u0456\u0439, \u044f\u043a\u0456 \u0437\u0430\u0439\u043c\u0430\u044e\u0442\u044c\u0441\u044f \u0432\u0438\u0432\u0435\u0437\u0435\u043d\u043d\u044f\u043c \u0432\u0456\u0434\u0445\u043e\u0434\u0456\u0432 - Ekosystem\",\"isPartOf\":{\"@id\":\"https:\/\/ekosystem.wroc.pl\/#website\"},\"datePublished\":\"2020-09-21T14:07:59+00:00\",\"dateModified\":\"2022-05-23T22:06:37+00:00\",\"breadcrumb\":{\"@id\":\"https:\/\/ekosystem.wroc.pl\/uk\/gospodarowanie-odpadami\/kontakt-do-firm-wywozacych-odpady\/#breadcrumb\"},\"inLanguage\":\"uk\",\"potentialAction\":[{\"@type\":\"ReadAction\",\"target\":[\"https:\/\/ekosystem.wroc.pl\/uk\/gospodarowanie-odpadami\/kontakt-do-firm-wywozacych-odpady\/\"]}]},{\"@type\":\"BreadcrumbList\",\"@id\":\"https:\/\/ekosystem.wroc.pl\/uk\/gospodarowanie-odpadami\/kontakt-do-firm-wywozacych-odpady\/#breadcrumb\",\"itemListElement\":[{\"@type\":\"ListItem\",\"position\":1,\"name\":\"\u041f\u043e\u0432\u043e\u0434\u0436\u0435\u043d\u043d\u044f \u0437 \u0432\u0456\u0434\u0445\u043e\u0434\u0430\u043c\u0438\",\"item\":\"https:\/\/ekosystem.wroc.pl\/uk\/gospodarowanie-odpadami\/\"},{\"@type\":\"ListItem\",\"position\":2,\"name\":\"\u041a\u043e\u043d\u0442\u0430\u043a\u0442\u043d\u0456 \u0434\u0430\u043d\u0456 \u043a\u043e\u043c\u043f\u0430\u043d\u0456\u0439, \u044f\u043a\u0456 \u0437\u0430\u0439\u043c\u0430\u044e\u0442\u044c\u0441\u044f \u0432\u0438\u0432\u0435\u0437\u0435\u043d\u043d\u044f\u043c \u0432\u0456\u0434\u0445\u043e\u0434\u0456\u0432\"}]},{\"@type\":\"WebSite\",\"@id\":\"https:\/\/ekosystem.wroc.pl\/#website\",\"url\":\"https:\/\/ekosystem.wroc.pl\/\",\"name\":\"Ekosystem\",\"description\":\"Systemowe podej\u015bcie do odpad\u00f3w\",\"potentialAction\":[{\"@type\":\"SearchAction\",\"target\":{\"@type\":\"EntryPoint\",\"urlTemplate\":\"https:\/\/ekosystem.wroc.pl\/?s={search_term_string}\"},\"query-input\":{\"@type\":\"PropertyValueSpecification\",\"valueRequired\":true,\"valueName\":\"search_term_string\"}}],\"inLanguage\":\"uk\"}]}<\/script>\n<!-- \/ Yoast SEO plugin. -->","yoast_head_json":{"title":"\u041a\u043e\u043d\u0442\u0430\u043a\u0442\u043d\u0456 \u0434\u0430\u043d\u0456 \u043a\u043e\u043c\u043f\u0430\u043d\u0456\u0439, \u044f\u043a\u0456 \u0437\u0430\u0439\u043c\u0430\u044e\u0442\u044c\u0441\u044f \u0432\u0438\u0432\u0435\u0437\u0435\u043d\u043d\u044f\u043c \u0432\u0456\u0434\u0445\u043e\u0434\u0456\u0432 - Ekosystem","robots":{"index":"index","follow":"follow","max-snippet":"max-snippet:-1","max-image-preview":"max-image-preview:large","max-video-preview":"max-video-preview:-1"},"canonical":"https:\/\/ekosystem.wroc.pl\/uk\/gospodarowanie-odpadami\/kontakt-do-firm-wywozacych-odpady\/","og_locale":"uk_UA","og_type":"article","og_title":"Ekosystem - Kontakt do firm wywo\u017c\u0105cych odpady","og_description":"Systemowe podej\u015bcie do odpad\u00f3w.","og_url":"https:\/\/ekosystem.wroc.pl\/uk\/gospodarowanie-odpadami\/kontakt-do-firm-wywozacych-odpady\/","og_site_name":"Ekosystem","article_modified_time":"2022-05-23T22:06:37+00:00","og_image":[{"width":1200,"height":628,"url":"https:\/\/ekosystem.wroc.pl\/wp-content\/uploads\/2021\/02\/ekosystem.jpg","type":"image\/jpeg"}],"twitter_card":"summary_large_image","twitter_title":"Ekosystem - Kontakt do firm wywo\u017c\u0105cych odpady","twitter_description":"Systemowe podej\u015bcie do odpad\u00f3w.","twitter_image":"https:\/\/ekosystem.wroc.pl\/wp-content\/uploads\/2021\/02\/ekosystem.jpg","schema":{"@context":"https:\/\/schema.org","@graph":[{"@type":"WebPage","@id":"https:\/\/ekosystem.wroc.pl\/uk\/gospodarowanie-odpadami\/kontakt-do-firm-wywozacych-odpady\/","url":"https:\/\/ekosystem.wroc.pl\/uk\/gospodarowanie-odpadami\/kontakt-do-firm-wywozacych-odpady\/","name":"\u041a\u043e\u043d\u0442\u0430\u043a\u0442\u043d\u0456 \u0434\u0430\u043d\u0456 \u043a\u043e\u043c\u043f\u0430\u043d\u0456\u0439, \u044f\u043a\u0456 \u0437\u0430\u0439\u043c\u0430\u044e\u0442\u044c\u0441\u044f \u0432\u0438\u0432\u0435\u0437\u0435\u043d\u043d\u044f\u043c \u0432\u0456\u0434\u0445\u043e\u0434\u0456\u0432 - Ekosystem","isPartOf":{"@id":"https:\/\/ekosystem.wroc.pl\/#website"},"datePublished":"2020-09-21T14:07:59+00:00","dateModified":"2022-05-23T22:06:37+00:00","breadcrumb":{"@id":"https:\/\/ekosystem.wroc.pl\/uk\/gospodarowanie-odpadami\/kontakt-do-firm-wywozacych-odpady\/#breadcrumb"},"inLanguage":"uk","potentialAction":[{"@type":"ReadAction","target":["https:\/\/ekosystem.wroc.pl\/uk\/gospodarowanie-odpadami\/kontakt-do-firm-wywozacych-odpady\/"]}]},{"@type":"BreadcrumbList","@id":"https:\/\/ekosystem.wroc.pl\/uk\/gospodarowanie-odpadami\/kontakt-do-firm-wywozacych-odpady\/#breadcrumb","itemListElement":[{"@type":"ListItem","position":1,"name":"\u041f\u043e\u0432\u043e\u0434\u0436\u0435\u043d\u043d\u044f \u0437 \u0432\u0456\u0434\u0445\u043e\u0434\u0430\u043c\u0438","item":"https:\/\/ekosystem.wroc.pl\/uk\/gospodarowanie-odpadami\/"},{"@type":"ListItem","position":2,"name":"\u041a\u043e\u043d\u0442\u0430\u043a\u0442\u043d\u0456 \u0434\u0430\u043d\u0456 \u043a\u043e\u043c\u043f\u0430\u043d\u0456\u0439, \u044f\u043a\u0456 \u0437\u0430\u0439\u043c\u0430\u044e\u0442\u044c\u0441\u044f \u0432\u0438\u0432\u0435\u0437\u0435\u043d\u043d\u044f\u043c \u0432\u0456\u0434\u0445\u043e\u0434\u0456\u0432"}]},{"@type":"WebSite","@id":"https:\/\/ekosystem.wroc.pl\/#website","url":"https:\/\/ekosystem.wroc.pl\/","name":"Ekosystem","description":"Systemowe podej\u015bcie do odpad\u00f3w","potentialAction":[{"@type":"SearchAction","target":{"@type":"EntryPoint","urlTemplate":"https:\/\/ekosystem.wroc.pl\/?s={search_term_string}"},"query-input":{"@type":"PropertyValueSpecification","valueRequired":true,"valueName":"search_term_string"}}],"inLanguage":"uk"}]}},"_links":{"self":[{"href":"https:\/\/ekosystem.wroc.pl\/uk\/wp-json\/wp\/v2\/pages\/3278","targetHints":{"allow":["GET"]}}],"collection":[{"href":"https:\/\/ekosystem.wroc.pl\/uk\/wp-json\/wp\/v2\/pages"}],"about":[{"href":"https:\/\/ekosystem.wroc.pl\/uk\/wp-json\/wp\/v2\/types\/page"}],"author":[{"embeddable":true,"href":"https:\/\/ekosystem.wroc.pl\/uk\/wp-json\/wp\/v2\/users\/2"}],"replies":[{"embeddable":true,"href":"https:\/\/ekosystem.wroc.pl\/uk\/wp-json\/wp\/v2\/comments?post=3278"}],"version-history":[{"count":3,"href":"https:\/\/ekosystem.wroc.pl\/uk\/wp-json\/wp\/v2\/pages\/3278\/revisions"}],"predecessor-version":[{"id":3456,"href":"https:\/\/ekosystem.wroc.pl\/uk\/wp-json\/wp\/v2\/pages\/3278\/revisions\/3456"}],"up":[{"embeddable":true,"href":"https:\/\/ekosystem.wroc.pl\/uk\/wp-json\/wp\/v2\/pages\/3269"}],"wp:attachment":[{"href":"https:\/\/ekosystem.wroc.pl\/uk\/wp-json\/wp\/v2\/media?parent=3278"}],"curies":[{"name":"wp","href":"https:\/\/api.w.org\/{rel}","templated":true}]}}