{"id":3264,"date":"2020-11-22T13:44:41","date_gmt":"2020-11-22T12:44:41","guid":{"rendered":"https:\/\/ekosystem.wroc.pl\/deklaracja-dostepnosci-serwisu\/"},"modified":"2022-05-25T22:29:50","modified_gmt":"2022-05-25T20:29:50","slug":"deklaracja-dostepnosci-serwisu","status":"publish","type":"page","link":"https:\/\/ekosystem.wroc.pl\/uk\/deklaracja-dostepnosci-serwisu\/","title":{"rendered":"\u0414\u0435\u043a\u043b\u0430\u0440\u0430\u0446\u0456\u044f \u043f\u0440\u043e \u0434\u043e\u0441\u0442\u0443\u043f\u043d\u0456\u0441\u0442\u044c \u0441\u0430\u0439\u0442\u0443"},"content":{"rendered":"<div class=\"mceContentBody mceFrontEnd default\"><\/div>","protected":false},"excerpt":{"rendered":"","protected":false},"author":2,"featured_media":0,"parent":0,"menu_order":0,"comment_status":"closed","ping_status":"closed","template":"","meta":{"_acf_changed":false,"footnotes":""},"class_list":["post-3264","page","type-page","status-publish","hentry"],"acf":[],"yoast_head":"<!-- This site is optimized with the Yoast SEO plugin v27.2 - https:\/\/yoast.com\/product\/yoast-seo-wordpress\/ -->\n<title>\u0414\u0435\u043a\u043b\u0430\u0440\u0430\u0446\u0456\u044f \u043f\u0440\u043e \u0434\u043e\u0441\u0442\u0443\u043f\u043d\u0456\u0441\u0442\u044c \u0441\u0430\u0439\u0442\u0443 - Ekosystem<\/title>\n<meta name=\"robots\" content=\"index, follow, max-snippet:-1, max-image-preview:large, max-video-preview:-1\" \/>\n<link rel=\"canonical\" href=\"https:\/\/ekosystem.wroc.pl\/uk\/deklaracja-dostepnosci-serwisu\/\" \/>\n<meta property=\"og:locale\" content=\"uk_UA\" \/>\n<meta property=\"og:type\" content=\"article\" \/>\n<meta property=\"og:title\" content=\"Ekosystem - Deklaracja dost\u0119pno\u015bci serwisu\" \/>\n<meta property=\"og:description\" content=\"Systemowe podej\u015bcie do odpad\u00f3w.\" \/>\n<meta property=\"og:url\" content=\"https:\/\/ekosystem.wroc.pl\/uk\/deklaracja-dostepnosci-serwisu\/\" \/>\n<meta property=\"og:site_name\" content=\"Ekosystem\" \/>\n<meta property=\"article:modified_time\" content=\"2022-05-25T20:29:50+00:00\" \/>\n<meta property=\"og:image\" content=\"https:\/\/ekosystem.wroc.pl\/wp-content\/uploads\/2021\/02\/ekosystem.jpg\" \/>\n\t<meta property=\"og:image:width\" content=\"1200\" \/>\n\t<meta property=\"og:image:height\" content=\"628\" \/>\n\t<meta property=\"og:image:type\" content=\"image\/jpeg\" \/>\n<meta name=\"twitter:card\" content=\"summary_large_image\" \/>\n<meta name=\"twitter:title\" content=\"Ekosystem - Deklaracja dost\u0119pno\u015bci serwisu\" \/>\n<meta name=\"twitter:description\" content=\"Systemowe podej\u015bcie do odpad\u00f3w.\" \/>\n<meta name=\"twitter:image\" content=\"https:\/\/ekosystem.wroc.pl\/wp-content\/uploads\/2021\/02\/ekosystem.jpg\" \/>\n<script type=\"application\/ld+json\" class=\"yoast-schema-graph\">{\"@context\":\"https:\/\/schema.org\",\"@graph\":[{\"@type\":\"WebPage\",\"@id\":\"https:\/\/ekosystem.wroc.pl\/uk\/deklaracja-dostepnosci-serwisu\/\",\"url\":\"https:\/\/ekosystem.wroc.pl\/uk\/deklaracja-dostepnosci-serwisu\/\",\"name\":\"\u0414\u0435\u043a\u043b\u0430\u0440\u0430\u0446\u0456\u044f \u043f\u0440\u043e \u0434\u043e\u0441\u0442\u0443\u043f\u043d\u0456\u0441\u0442\u044c \u0441\u0430\u0439\u0442\u0443 - Ekosystem\",\"isPartOf\":{\"@id\":\"https:\/\/ekosystem.wroc.pl\/#website\"},\"datePublished\":\"2020-11-22T12:44:41+00:00\",\"dateModified\":\"2022-05-25T20:29:50+00:00\",\"inLanguage\":\"uk\",\"potentialAction\":[{\"@type\":\"ReadAction\",\"target\":[\"https:\/\/ekosystem.wroc.pl\/uk\/deklaracja-dostepnosci-serwisu\/\"]}]},{\"@type\":\"WebSite\",\"@id\":\"https:\/\/ekosystem.wroc.pl\/#website\",\"url\":\"https:\/\/ekosystem.wroc.pl\/\",\"name\":\"Ekosystem\",\"description\":\"Systemowe podej\u015bcie do odpad\u00f3w\",\"potentialAction\":[{\"@type\":\"SearchAction\",\"target\":{\"@type\":\"EntryPoint\",\"urlTemplate\":\"https:\/\/ekosystem.wroc.pl\/?s={search_term_string}\"},\"query-input\":{\"@type\":\"PropertyValueSpecification\",\"valueRequired\":true,\"valueName\":\"search_term_string\"}}],\"inLanguage\":\"uk\"}]}<\/script>\n<!-- \/ Yoast SEO plugin. -->","yoast_head_json":{"title":"\u0414\u0435\u043a\u043b\u0430\u0440\u0430\u0446\u0456\u044f \u043f\u0440\u043e \u0434\u043e\u0441\u0442\u0443\u043f\u043d\u0456\u0441\u0442\u044c \u0441\u0430\u0439\u0442\u0443 - Ekosystem","robots":{"index":"index","follow":"follow","max-snippet":"max-snippet:-1","max-image-preview":"max-image-preview:large","max-video-preview":"max-video-preview:-1"},"canonical":"https:\/\/ekosystem.wroc.pl\/uk\/deklaracja-dostepnosci-serwisu\/","og_locale":"uk_UA","og_type":"article","og_title":"Ekosystem - Deklaracja dost\u0119pno\u015bci serwisu","og_description":"Systemowe podej\u015bcie do odpad\u00f3w.","og_url":"https:\/\/ekosystem.wroc.pl\/uk\/deklaracja-dostepnosci-serwisu\/","og_site_name":"Ekosystem","article_modified_time":"2022-05-25T20:29:50+00:00","og_image":[{"width":1200,"height":628,"url":"https:\/\/ekosystem.wroc.pl\/wp-content\/uploads\/2021\/02\/ekosystem.jpg","type":"image\/jpeg"}],"twitter_card":"summary_large_image","twitter_title":"Ekosystem - Deklaracja dost\u0119pno\u015bci serwisu","twitter_description":"Systemowe podej\u015bcie do odpad\u00f3w.","twitter_image":"https:\/\/ekosystem.wroc.pl\/wp-content\/uploads\/2021\/02\/ekosystem.jpg","schema":{"@context":"https:\/\/schema.org","@graph":[{"@type":"WebPage","@id":"https:\/\/ekosystem.wroc.pl\/uk\/deklaracja-dostepnosci-serwisu\/","url":"https:\/\/ekosystem.wroc.pl\/uk\/deklaracja-dostepnosci-serwisu\/","name":"\u0414\u0435\u043a\u043b\u0430\u0440\u0430\u0446\u0456\u044f \u043f\u0440\u043e \u0434\u043e\u0441\u0442\u0443\u043f\u043d\u0456\u0441\u0442\u044c \u0441\u0430\u0439\u0442\u0443 - Ekosystem","isPartOf":{"@id":"https:\/\/ekosystem.wroc.pl\/#website"},"datePublished":"2020-11-22T12:44:41+00:00","dateModified":"2022-05-25T20:29:50+00:00","inLanguage":"uk","potentialAction":[{"@type":"ReadAction","target":["https:\/\/ekosystem.wroc.pl\/uk\/deklaracja-dostepnosci-serwisu\/"]}]},{"@type":"WebSite","@id":"https:\/\/ekosystem.wroc.pl\/#website","url":"https:\/\/ekosystem.wroc.pl\/","name":"Ekosystem","description":"Systemowe podej\u015bcie do odpad\u00f3w","potentialAction":[{"@type":"SearchAction","target":{"@type":"EntryPoint","urlTemplate":"https:\/\/ekosystem.wroc.pl\/?s={search_term_string}"},"query-input":{"@type":"PropertyValueSpecification","valueRequired":true,"valueName":"search_term_string"}}],"inLanguage":"uk"}]}},"_links":{"self":[{"href":"https:\/\/ekosystem.wroc.pl\/uk\/wp-json\/wp\/v2\/pages\/3264","targetHints":{"allow":["GET"]}}],"collection":[{"href":"https:\/\/ekosystem.wroc.pl\/uk\/wp-json\/wp\/v2\/pages"}],"about":[{"href":"https:\/\/ekosystem.wroc.pl\/uk\/wp-json\/wp\/v2\/types\/page"}],"author":[{"embeddable":true,"href":"https:\/\/ekosystem.wroc.pl\/uk\/wp-json\/wp\/v2\/users\/2"}],"replies":[{"embeddable":true,"href":"https:\/\/ekosystem.wroc.pl\/uk\/wp-json\/wp\/v2\/comments?post=3264"}],"version-history":[{"count":4,"href":"https:\/\/ekosystem.wroc.pl\/uk\/wp-json\/wp\/v2\/pages\/3264\/revisions"}],"predecessor-version":[{"id":3524,"href":"https:\/\/ekosystem.wroc.pl\/uk\/wp-json\/wp\/v2\/pages\/3264\/revisions\/3524"}],"wp:attachment":[{"href":"https:\/\/ekosystem.wroc.pl\/uk\/wp-json\/wp\/v2\/media?parent=3264"}],"curies":[{"name":"wp","href":"https:\/\/api.w.org\/{rel}","templated":true}]}}